{"id":225,"date":"2022-12-06T20:57:38","date_gmt":"2022-12-06T19:57:38","guid":{"rendered":"https:\/\/getplantstuff.com\/?post_type=product&#038;p=225"},"modified":"2026-04-27T13:55:42","modified_gmt":"2026-04-27T11:55:42","slug":"druppelfles","status":"publish","type":"product","link":"https:\/\/getplantstuff.com\/de\/product\/tropfer\/","title":{"rendered":"Moosstab Tropfflasche (250 ml)"},"content":{"rendered":"<p>Der Tropfer wurde speziell entwickelt, um <a href=\"https:\/\/getplantstuff.com\/de\/product-categorie\/mospaal\/\">die Moosstangen von PlantStuff <\/a>ohne viel Aufwand mit Wasser zu versorgen. Ein voller Tropfer entspricht dem mehr als 300-maligen Bespr\u00fchen mit einer Pflanzenspritze! Mit dem konischen Drehverschluss l\u00e4sst er sich einfach unter dem Wasserhahn bef\u00fcllen und wieder auf den Moosstangen befestigen. Au\u00dferdem wird durch die Verwendung dieses Bew\u00e4sserungszubeh\u00f6rs die Gefahr der \u00dcberw\u00e4sserung verringert, da das Wasser \u00fcber einen bestimmten Zeitraum gleichm\u00e4\u00dfig auf den Pfahl aufgetragen wird. Mit dem gr\u00fcnen Drehverschluss k\u00f6nnen Sie die Durchflussmenge des Wassers nach Ihren W\u00fcnschen einstellen. Der Tropfer hat ein sch\u00f6nes kompaktes Design und beeintr\u00e4chtigt daher nicht das sch\u00f6ne Aussehen Ihrer Pflanzen und Moosstab.<\/p>\n<p>Das Bew\u00e4sserungszubeh\u00f6r ist einzeln oder als Teil des kompletten <a href=\"https:\/\/getplantstuff.com\/de\/product-categorie\/mospaal\/\">Moosstab pakete erh\u00e4ltlich<\/a>!<\/p>","protected":false},"excerpt":{"rendered":"<p>Mit dem Tropfer k\u00f6nnen Sie Ihren Moospfahl leicht feucht halten, ohne eine \u00dcberw\u00e4sserung der Zimmerpflanze zu riskieren. Das Zubeh\u00f6rteil kann oben auf den Moosstangen von PlantStuff befestigt werden.<\/p>","protected":false},"featured_media":411,"comment_status":"open","ping_status":"closed","template":"","meta":{"_uf_show_specific_survey":0,"_uf_disable_surveys":false},"product_brand":[59],"product_cat":[27,56],"product_tag":[36,30,25,20,57,58,22],"class_list":{"0":"post-225","1":"product","2":"type-product","3":"status-publish","4":"has-post-thumbnail","6":"product_brand-plantstuff","7":"product_cat-mospaal-accessoires","8":"product_cat-plantensteun-mospaal-mosstok","9":"product_tag-bewatering","10":"product_tag-kamerplant","11":"product_tag-klimplant","12":"product_tag-mospaal","13":"product_tag-mosstok","14":"product_tag-plantensteun","15":"product_tag-sphagnum","16":"product_shipping_class-pakket","18":"first","19":"instock","20":"taxable","21":"shipping-taxable","22":"purchasable","23":"product-type-simple"},"aioseo_notices":[{"message":"The permalink for this post just changed! This could result in 404 errors for your site visitors.","status":"warning","options":{"id":"0a2ae5f84bc2c0423042ed7ec22d2e40","isDismissible":true,"actions":[{"url":"https:\/\/getplantstuff.com\/wp-admin\/admin.php?page=aioseo-redirects&aioseo-manual-urls=634572b2be2f74142598774a18dd8109","label":"Add Redirect to improve SEO","class":"aioseo-redirects-slug-changed"}]},"allowedContexts":["posts"]}],"aioseo_head":"\n\t\t<!-- All in One SEO Pro 4.8.3.2 - aioseo.com -->\n\t<meta name=\"description\" content=\"Met deze druppelaar kan je mospaal makkelijk nat worden gehouden zonder risico te lopen dat de kamerplant overbewaterd raakt.\" \/>\n\t<meta name=\"robots\" content=\"max-image-preview:large\" \/>\n\t<meta name=\"keywords\" content=\"mospaal druppelaar,mospaal accessoire,mosstok accessoire,mosstok druppelaar,bewatering mospaal,bewatering mosstok\" \/>\n\t<link rel=\"canonical\" href=\"https:\/\/getplantstuff.com\/de\/product\/tropfer\/\" \/>\n\t<meta name=\"generator\" content=\"All in One SEO Pro (AIOSEO) 4.8.3.2\" \/>\n\t\t<meta property=\"og:locale\" content=\"de_DE\" \/>\n\t\t<meta property=\"og:site_name\" content=\"PlantStuff - De beste vriend van je klimplant\" \/>\n\t\t<meta property=\"og:type\" content=\"article\" \/>\n\t\t<meta property=\"og:title\" content=\"Mospaal druppelaar - voor makkelijke watergift - PlantStuff\" \/>\n\t\t<meta property=\"og:description\" content=\"Met deze druppelaar kan je mospaal makkelijk nat worden gehouden zonder risico te lopen dat de kamerplant overbewaterd raakt.\" \/>\n\t\t<meta property=\"og:url\" content=\"https:\/\/getplantstuff.com\/de\/product\/tropfer\/\" \/>\n\t\t<meta property=\"og:image\" content=\"https:\/\/getplantstuff.com\/wp-content\/uploads\/2022\/11\/PlantStuff-icon-x2-1.png\" \/>\n\t\t<meta property=\"og:image:secure_url\" content=\"https:\/\/getplantstuff.com\/wp-content\/uploads\/2022\/11\/PlantStuff-icon-x2-1.png\" \/>\n\t\t<meta property=\"article:published_time\" content=\"2022-12-06T19:57:38+00:00\" \/>\n\t\t<meta property=\"article:modified_time\" content=\"2026-04-27T11:55:42+00:00\" \/>\n\t\t<meta name=\"twitter:card\" content=\"summary_large_image\" \/>\n\t\t<meta name=\"twitter:title\" content=\"Mospaal druppelaar - voor makkelijke watergift - PlantStuff\" \/>\n\t\t<meta name=\"twitter:description\" content=\"Met deze druppelaar kan je mospaal makkelijk nat worden gehouden zonder risico te lopen dat de kamerplant overbewaterd raakt.\" \/>\n\t\t<meta name=\"twitter:image\" content=\"https:\/\/getplantstuff.com\/wp-content\/uploads\/2022\/11\/PlantStuff-icon-x2-1.png\" \/>\n\t\t<script type=\"application\/ld+json\" class=\"aioseo-schema\">\n\t\t\t{\"@context\":\"https:\\\/\\\/schema.org\",\"@graph\":[{\"@type\":\"BreadcrumbList\",\"@id\":\"https:\\\/\\\/getplantstuff.com\\\/de\\\/product\\\/tropfer\\\/#breadcrumblist\",\"itemListElement\":[{\"@type\":\"ListItem\",\"@id\":\"https:\\\/\\\/getplantstuff.com\\\/de#listItem\",\"position\":1,\"name\":\"Home\",\"item\":\"https:\\\/\\\/getplantstuff.com\\\/de\",\"nextItem\":{\"@type\":\"ListItem\",\"@id\":\"https:\\\/\\\/getplantstuff.com\\\/de\\\/laden\\\/#listItem\",\"name\":\"Mospalen en planten accessoires\"}},{\"@type\":\"ListItem\",\"@id\":\"https:\\\/\\\/getplantstuff.com\\\/de\\\/laden\\\/#listItem\",\"position\":2,\"name\":\"Mospalen en planten accessoires\",\"item\":\"https:\\\/\\\/getplantstuff.com\\\/de\\\/laden\\\/\",\"nextItem\":{\"@type\":\"ListItem\",\"@id\":\"https:\\\/\\\/getplantstuff.com\\\/de\\\/brand\\\/plantstuff\\\/#listItem\",\"name\":\"PlantStuff\"},\"previousItem\":{\"@type\":\"ListItem\",\"@id\":\"https:\\\/\\\/getplantstuff.com\\\/de#listItem\",\"name\":\"Home\"}},{\"@type\":\"ListItem\",\"@id\":\"https:\\\/\\\/getplantstuff.com\\\/de\\\/brand\\\/plantstuff\\\/#listItem\",\"position\":3,\"name\":\"PlantStuff\",\"item\":\"https:\\\/\\\/getplantstuff.com\\\/de\\\/brand\\\/plantstuff\\\/\",\"nextItem\":{\"@type\":\"ListItem\",\"@id\":\"https:\\\/\\\/getplantstuff.com\\\/de\\\/product\\\/tropfer\\\/#listItem\",\"name\":\"Druppelfles mospaal (250 ml)\"},\"previousItem\":{\"@type\":\"ListItem\",\"@id\":\"https:\\\/\\\/getplantstuff.com\\\/de\\\/laden\\\/#listItem\",\"name\":\"Mospalen en planten accessoires\"}},{\"@type\":\"ListItem\",\"@id\":\"https:\\\/\\\/getplantstuff.com\\\/de\\\/product\\\/tropfer\\\/#listItem\",\"position\":4,\"name\":\"Druppelfles mospaal (250 ml)\",\"previousItem\":{\"@type\":\"ListItem\",\"@id\":\"https:\\\/\\\/getplantstuff.com\\\/de\\\/brand\\\/plantstuff\\\/#listItem\",\"name\":\"PlantStuff\"}}]},{\"@type\":\"ItemPage\",\"@id\":\"https:\\\/\\\/getplantstuff.com\\\/de\\\/product\\\/tropfer\\\/#itempage\",\"url\":\"https:\\\/\\\/getplantstuff.com\\\/de\\\/product\\\/tropfer\\\/\",\"name\":\"Mospaal druppelaar - voor makkelijke watergift - PlantStuff\",\"description\":\"Met deze druppelaar kan je mospaal makkelijk nat worden gehouden zonder risico te lopen dat de kamerplant overbewaterd raakt.\",\"inLanguage\":\"de-DE\",\"isPartOf\":{\"@id\":\"https:\\\/\\\/getplantstuff.com\\\/de\\\/#website\"},\"breadcrumb\":{\"@id\":\"https:\\\/\\\/getplantstuff.com\\\/de\\\/product\\\/tropfer\\\/#breadcrumblist\"},\"image\":{\"@type\":\"ImageObject\",\"url\":\"https:\\\/\\\/getplantstuff.com\\\/wp-content\\\/uploads\\\/2023\\\/03\\\/IMG_3633bg.png\",\"@id\":\"https:\\\/\\\/getplantstuff.com\\\/de\\\/product\\\/tropfer\\\/#mainImage\",\"width\":560,\"height\":700},\"primaryImageOfPage\":{\"@id\":\"https:\\\/\\\/getplantstuff.com\\\/de\\\/product\\\/tropfer\\\/#mainImage\"},\"datePublished\":\"2022-12-06T20:57:38+01:00\",\"dateModified\":\"2026-04-27T13:55:42+02:00\"},{\"@type\":\"Organization\",\"@id\":\"https:\\\/\\\/getplantstuff.com\\\/de\\\/#organization\",\"name\":\"PlantStuff\",\"description\":\"De beste vriend van je klimplant\",\"url\":\"https:\\\/\\\/getplantstuff.com\\\/de\\\/\",\"email\":\"support@getplantstuff.com\",\"logo\":{\"@type\":\"ImageObject\",\"url\":\"https:\\\/\\\/getplantstuff.com\\\/wp-content\\\/uploads\\\/2023\\\/04\\\/Fan.ico\",\"@id\":\"https:\\\/\\\/getplantstuff.com\\\/de\\\/product\\\/tropfer\\\/#organizationLogo\",\"width\":48,\"height\":48,\"caption\":\" for google\"},\"image\":{\"@id\":\"https:\\\/\\\/getplantstuff.com\\\/de\\\/product\\\/tropfer\\\/#organizationLogo\"},\"address\":{\"@id\":\"https:\\\/\\\/getplantstuff.com\\\/de\\\/#postaladdress\",\"@type\":\"PostalAddress\",\"streetAddress\":\"Rijperkerkpark 3,\",\"postalCode\":\"5035MH\",\"addressLocality\":\"Tilburg\",\"addressRegion\":\"Noord-Brabant\",\"addressCountry\":\"NL\"},\"vatID\":\"NL004465463B43\"},{\"@type\":\"WebPage\",\"@id\":\"https:\\\/\\\/getplantstuff.com\\\/de\\\/product\\\/tropfer\\\/#webpage\",\"url\":\"https:\\\/\\\/getplantstuff.com\\\/de\\\/product\\\/tropfer\\\/\",\"name\":\"Mospaal druppelaar - voor makkelijke watergift - PlantStuff\",\"description\":\"Met deze druppelaar kan je mospaal makkelijk nat worden gehouden zonder risico te lopen dat de kamerplant overbewaterd raakt.\",\"inLanguage\":\"de-DE\",\"isPartOf\":{\"@id\":\"https:\\\/\\\/getplantstuff.com\\\/de\\\/#website\"},\"breadcrumb\":{\"@id\":\"https:\\\/\\\/getplantstuff.com\\\/de\\\/product\\\/tropfer\\\/#breadcrumblist\"},\"image\":{\"@type\":\"ImageObject\",\"url\":\"https:\\\/\\\/getplantstuff.com\\\/wp-content\\\/uploads\\\/2023\\\/03\\\/IMG_3633bg.png\",\"@id\":\"https:\\\/\\\/getplantstuff.com\\\/de\\\/product\\\/tropfer\\\/#mainImage\",\"width\":560,\"height\":700},\"primaryImageOfPage\":{\"@id\":\"https:\\\/\\\/getplantstuff.com\\\/de\\\/product\\\/tropfer\\\/#mainImage\"},\"datePublished\":\"2022-12-06T20:57:38+01:00\",\"dateModified\":\"2026-04-27T13:55:42+02:00\"},{\"@type\":\"WebSite\",\"@id\":\"https:\\\/\\\/getplantstuff.com\\\/de\\\/#website\",\"url\":\"https:\\\/\\\/getplantstuff.com\\\/de\\\/\",\"name\":\"PlantStuff\",\"alternateName\":\"Getplantstuff\",\"description\":\"De beste vriend van je klimplant\",\"inLanguage\":\"de-DE\",\"publisher\":{\"@id\":\"https:\\\/\\\/getplantstuff.com\\\/de\\\/#organization\"}}]}\n\t\t<\/script>\n\t\t<!-- All in One SEO Pro -->\r\n\t\t<title>Mospaal druppelaar - voor makkelijke watergift - PlantStuff<\/title>\n\n","aioseo_head_json":{"title":"Moosstabtropfer - F\u00fcr einfache Bew\u00e4sserung - PlantStuff","description":"Met deze druppelaar kan je mospaal makkelijk nat worden gehouden zonder risico te lopen dat de kamerplant overbewaterd raakt.","canonical_url":"https:\/\/getplantstuff.com\/de\/product\/tropfer\/","robots":"max-image-preview:large","keywords":"mospaal druppelaar,mospaal accessoire,mosstok accessoire,mosstok druppelaar,bewatering mospaal,bewatering mosstok","webmasterTools":{"miscellaneous":""},"schema":{"@context":"https:\/\/schema.org","@graph":[{"@type":"BreadcrumbList","@id":"https:\/\/getplantstuff.com\/de\/product\/tropfer\/#breadcrumblist","itemListElement":[{"@type":"ListItem","@id":"https:\/\/getplantstuff.com\/de#listItem","position":1,"name":"Home","item":"https:\/\/getplantstuff.com\/de","nextItem":{"@type":"ListItem","@id":"https:\/\/getplantstuff.com\/de\/laden\/#listItem","name":"Mospalen en planten accessoires"}},{"@type":"ListItem","@id":"https:\/\/getplantstuff.com\/de\/laden\/#listItem","position":2,"name":"Mospalen en planten accessoires","item":"https:\/\/getplantstuff.com\/de\/laden\/","nextItem":{"@type":"ListItem","@id":"https:\/\/getplantstuff.com\/de\/brand\/plantstuff\/#listItem","name":"PlantStuff"},"previousItem":{"@type":"ListItem","@id":"https:\/\/getplantstuff.com\/de#listItem","name":"Home"}},{"@type":"ListItem","@id":"https:\/\/getplantstuff.com\/de\/brand\/plantstuff\/#listItem","position":3,"name":"PlantStuff","item":"https:\/\/getplantstuff.com\/de\/brand\/plantstuff\/","nextItem":{"@type":"ListItem","@id":"https:\/\/getplantstuff.com\/de\/product\/tropfer\/#listItem","name":"Druppelfles mospaal (250 ml)"},"previousItem":{"@type":"ListItem","@id":"https:\/\/getplantstuff.com\/de\/laden\/#listItem","name":"Mospalen en planten accessoires"}},{"@type":"ListItem","@id":"https:\/\/getplantstuff.com\/de\/product\/tropfer\/#listItem","position":4,"name":"Druppelfles mospaal (250 ml)","previousItem":{"@type":"ListItem","@id":"https:\/\/getplantstuff.com\/de\/brand\/plantstuff\/#listItem","name":"PlantStuff"}}]},{"@type":"ItemPage","@id":"https:\/\/getplantstuff.com\/de\/product\/tropfer\/#itempage","url":"https:\/\/getplantstuff.com\/de\/product\/tropfer\/","name":"Mospaal druppelaar - voor makkelijke watergift - PlantStuff","description":"Met deze druppelaar kan je mospaal makkelijk nat worden gehouden zonder risico te lopen dat de kamerplant overbewaterd raakt.","inLanguage":"de-DE","isPartOf":{"@id":"https:\/\/getplantstuff.com\/de\/#website"},"breadcrumb":{"@id":"https:\/\/getplantstuff.com\/de\/product\/tropfer\/#breadcrumblist"},"image":{"@type":"ImageObject","url":"https:\/\/getplantstuff.com\/wp-content\/uploads\/2023\/03\/IMG_3633bg.png","@id":"https:\/\/getplantstuff.com\/de\/product\/tropfer\/#mainImage","width":560,"height":700},"primaryImageOfPage":{"@id":"https:\/\/getplantstuff.com\/de\/product\/tropfer\/#mainImage"},"datePublished":"2022-12-06T20:57:38+01:00","dateModified":"2026-04-27T13:55:42+02:00"},{"@type":"Organization","@id":"https:\/\/getplantstuff.com\/de\/#organization","name":"PlantStuff","description":"De beste vriend van je klimplant","url":"https:\/\/getplantstuff.com\/de\/","email":"support@getplantstuff.com","logo":{"@type":"ImageObject","url":"https:\/\/getplantstuff.com\/wp-content\/uploads\/2023\/04\/Fan.ico","@id":"https:\/\/getplantstuff.com\/de\/product\/tropfer\/#organizationLogo","width":48,"height":48,"caption":" for google"},"image":{"@id":"https:\/\/getplantstuff.com\/de\/product\/tropfer\/#organizationLogo"},"address":{"@id":"https:\/\/getplantstuff.com\/de\/#postaladdress","@type":"PostalAddress","streetAddress":"Rijperkerkpark 3,","postalCode":"5035MH","addressLocality":"Tilburg","addressRegion":"Noord-Brabant","addressCountry":"NL"},"vatID":"NL004465463B43"},{"@type":"WebPage","@id":"https:\/\/getplantstuff.com\/de\/product\/tropfer\/#webpage","url":"https:\/\/getplantstuff.com\/de\/product\/tropfer\/","name":"Mospaal druppelaar - voor makkelijke watergift - PlantStuff","description":"Met deze druppelaar kan je mospaal makkelijk nat worden gehouden zonder risico te lopen dat de kamerplant overbewaterd raakt.","inLanguage":"de-DE","isPartOf":{"@id":"https:\/\/getplantstuff.com\/de\/#website"},"breadcrumb":{"@id":"https:\/\/getplantstuff.com\/de\/product\/tropfer\/#breadcrumblist"},"image":{"@type":"ImageObject","url":"https:\/\/getplantstuff.com\/wp-content\/uploads\/2023\/03\/IMG_3633bg.png","@id":"https:\/\/getplantstuff.com\/de\/product\/tropfer\/#mainImage","width":560,"height":700},"primaryImageOfPage":{"@id":"https:\/\/getplantstuff.com\/de\/product\/tropfer\/#mainImage"},"datePublished":"2022-12-06T20:57:38+01:00","dateModified":"2026-04-27T13:55:42+02:00"},{"@type":"WebSite","@id":"https:\/\/getplantstuff.com\/de\/#website","url":"https:\/\/getplantstuff.com\/de\/","name":"PlantStuff","alternateName":"Getplantstuff","description":"De beste vriend van je klimplant","inLanguage":"de-DE","publisher":{"@id":"https:\/\/getplantstuff.com\/de\/#organization"}}]},"og:locale":"de_DE","og:site_name":"PlantStuff - De beste vriend van je klimplant","og:type":"article","og:title":"Mospaal druppelaar - voor makkelijke watergift - PlantStuff","og:description":"Met deze druppelaar kan je mospaal makkelijk nat worden gehouden zonder risico te lopen dat de kamerplant overbewaterd raakt.","og:url":"https:\/\/getplantstuff.com\/de\/product\/tropfer\/","og:image":"https:\/\/getplantstuff.com\/wp-content\/uploads\/2022\/11\/PlantStuff-icon-x2-1.png","og:image:secure_url":"https:\/\/getplantstuff.com\/wp-content\/uploads\/2022\/11\/PlantStuff-icon-x2-1.png","article:published_time":"2022-12-06T19:57:38+00:00","article:modified_time":"2026-04-27T11:55:42+00:00","twitter:card":"summary_large_image","twitter:title":"Mospaal druppelaar - voor makkelijke watergift - PlantStuff","twitter:description":"Met deze druppelaar kan je mospaal makkelijk nat worden gehouden zonder risico te lopen dat de kamerplant overbewaterd raakt.","twitter:image":"https:\/\/getplantstuff.com\/wp-content\/uploads\/2022\/11\/PlantStuff-icon-x2-1.png"},"aioseo_meta_data":{"post_id":"225","title":"Mospaal druppelaar - voor makkelijke watergift #separator_sa #site_title","description":"Met deze druppelaar kan je mospaal makkelijk nat worden gehouden zonder risico te lopen dat de kamerplant overbewaterd raakt.","keywords":[{"label":"mospaal druppelaar","value":"mospaal druppelaar"},{"label":"mospaal accessoire","value":"mospaal accessoire"},{"label":"mosstok accessoire","value":"mosstok accessoire"},{"label":"mosstok druppelaar","value":"mosstok druppelaar"},{"label":"bewatering mospaal","value":"bewatering mospaal"},{"label":"bewatering mosstok","value":"bewatering mosstok"}],"keyphrases":{"focus":{"keyphrase":"Mospaal","score":92,"analysis":{"keyphraseInTitle":{"score":9,"maxScore":9,"error":0},"keyphraseInDescription":{"score":9,"maxScore":9,"error":0},"keyphraseLength":{"score":9,"maxScore":9,"error":0,"length":1},"keyphraseInURL":{"score":1,"maxScore":5,"error":1},"keyphraseInIntroduction":{"score":9,"maxScore":9,"error":0},"keyphraseInSubHeadings":[],"keyphraseInImageAlt":[],"keywordDensity":{"type":"best","score":9,"maxScore":9,"error":0}}},"additional":[{"keyphrase":"Druppelaar","score":100,"analysis":{"keyphraseInDescription":{"score":9,"maxScore":9,"error":0},"keyphraseLength":{"score":9,"maxScore":9,"error":0,"length":1},"keyphraseInIntroduction":{"score":9,"maxScore":9,"error":0},"keyphraseInImageAlt":[],"keywordDensity":{"type":"best","score":9,"maxScore":9,"error":0}}}]},"primary_term":{"product_cat":27},"canonical_url":null,"og_title":null,"og_description":null,"og_object_type":"default","og_image_type":"default","og_image_url":null,"og_image_width":null,"og_image_height":null,"og_image_custom_url":null,"og_image_custom_fields":null,"og_video":"","og_custom_url":null,"og_article_section":null,"og_article_tags":null,"twitter_use_og":false,"twitter_card":"default","twitter_image_type":"default","twitter_image_url":null,"twitter_image_custom_url":null,"twitter_image_custom_fields":null,"twitter_title":null,"twitter_description":null,"schema":{"blockGraphs":[],"customGraphs":[],"default":{"data":{"Article":[],"Course":[],"Dataset":[],"FAQPage":[],"Movie":[],"Person":[],"Product":[],"ProductReview":[],"Car":[],"Recipe":[],"Service":[],"SoftwareApplication":[],"WebPage":[]},"graphName":"ItemPage","isEnabled":true},"graphs":[]},"schema_type":"default","schema_type_options":null,"pillar_content":false,"robots_default":true,"robots_noindex":false,"robots_noarchive":false,"robots_nosnippet":false,"robots_nofollow":false,"robots_noimageindex":false,"robots_noodp":false,"robots_notranslate":false,"robots_max_snippet":"-1","robots_max_videopreview":"-1","robots_max_imagepreview":"large","priority":null,"frequency":"default","local_seo":null,"limit_modified_date":false,"created":"2022-12-06 19:57:39","updated":"2026-04-27 12:51:47"},"aioseo_breadcrumb":"<div class=\"aioseo-breadcrumbs\"><span class=\"aioseo-breadcrumb\">\n\t<a href=\"https:\/\/getplantstuff.com\/de\" title=\"Home\">Home<\/a>\n<\/span><span class=\"aioseo-breadcrumb-separator\">\u203a<\/span><span class=\"aioseo-breadcrumb\">\n\t<a href=\"https:\/\/getplantstuff.com\/de\/laden\/\" title=\"Mospalen en planten accessoires\">Mospalen en planten accessoires<\/a>\n<\/span><span class=\"aioseo-breadcrumb-separator\">\u203a<\/span><span class=\"aioseo-breadcrumb\">\n\t<a href=\"https:\/\/getplantstuff.com\/de\/brand\/plantstuff\/\" title=\"PlantStuff\">PlantStuff<\/a>\n<\/span><span class=\"aioseo-breadcrumb-separator\">\u203a<\/span><span class=\"aioseo-breadcrumb\">\n\tDruppelfles mospaal (250 ml)\n<\/span><\/div>","aioseo_breadcrumb_json":[{"label":"Home","link":"https:\/\/getplantstuff.com\/de"},{"label":"Mospalen en planten accessoires","link":"https:\/\/getplantstuff.com\/de\/laden\/"},{"label":"PlantStuff","link":"https:\/\/getplantstuff.com\/de\/brand\/plantstuff\/"},{"label":"Druppelfles mospaal (250 ml)","link":"https:\/\/getplantstuff.com\/de\/product\/tropfer\/"}],"_links":{"self":[{"href":"https:\/\/getplantstuff.com\/de\/wp-json\/wp\/v2\/product\/225","targetHints":{"allow":["GET"]}}],"collection":[{"href":"https:\/\/getplantstuff.com\/de\/wp-json\/wp\/v2\/product"}],"about":[{"href":"https:\/\/getplantstuff.com\/de\/wp-json\/wp\/v2\/types\/product"}],"replies":[{"embeddable":true,"href":"https:\/\/getplantstuff.com\/de\/wp-json\/wp\/v2\/comments?post=225"}],"version-history":[{"count":2,"href":"https:\/\/getplantstuff.com\/de\/wp-json\/wp\/v2\/product\/225\/revisions"}],"predecessor-version":[{"id":3709,"href":"https:\/\/getplantstuff.com\/de\/wp-json\/wp\/v2\/product\/225\/revisions\/3709"}],"wp:featuredmedia":[{"embeddable":true,"href":"https:\/\/getplantstuff.com\/de\/wp-json\/wp\/v2\/media\/411"}],"wp:attachment":[{"href":"https:\/\/getplantstuff.com\/de\/wp-json\/wp\/v2\/media?parent=225"}],"wp:term":[{"taxonomy":"product_brand","embeddable":true,"href":"https:\/\/getplantstuff.com\/de\/wp-json\/wp\/v2\/product_brand?post=225"},{"taxonomy":"product_cat","embeddable":true,"href":"https:\/\/getplantstuff.com\/de\/wp-json\/wp\/v2\/product_cat?post=225"},{"taxonomy":"product_tag","embeddable":true,"href":"https:\/\/getplantstuff.com\/de\/wp-json\/wp\/v2\/product_tag?post=225"}],"curies":[{"name":"wp","href":"https:\/\/api.w.org\/{rel}","templated":true}]}}