{"id":224,"date":"2022-12-06T20:38:43","date_gmt":"2022-12-06T19:38:43","guid":{"rendered":"https:\/\/getplantstuff.com\/?post_type=product&#038;p=224"},"modified":"2026-04-26T20:12:51","modified_gmt":"2026-04-26T18:12:51","slug":"mospaal25cm-stapelbaar","status":"publish","type":"product","link":"https:\/\/getplantstuff.com\/de\/product\/moosstab25cm-stapelbar\/","title":{"rendered":"Stapelbarer Moosstab (25 cm \/ \u23007 cm)"},"content":{"rendered":"<p class=\"translation-block\">Ein Sphagnummoosstab bietet viele Vorteile gegen\u00fcber einem Kokosstab. Sphagnummoos speichert Feuchtigkeit hervorragend, wodurch Wasser f\u00fcr die Wurzeln leicht verf\u00fcgbar bleibt. Das f\u00f6rdert die Entwicklung der Luftwurzeln und versorgt die Pflanze zus\u00e4tzlich mit N\u00e4hrstoffen.\n\nEin Kokosstab hingegen nimmt kein Wasser auf und dient daher nur als reine St\u00fctze. Pflanzen haften deutlich besser an Sphagnummoos, was ein kr\u00e4ftigeres Wachstum erm\u00f6glicht.\n\nKurz gesagt: Ein Sphagnummoosstab bietet nicht nur Stabilit\u00e4t, sondern auch essentielle Pflege f\u00fcr deine Pflanzen. Ein echter Moosstab ist ein Muss, um das Beste aus deiner Kletterpflanze herauszuholen!<\/p>\n<h3><strong>Moosstab f\u00fcr Monstera, Philodendron und andere Kletterpflanzen<\/strong><\/h3>\n<p>Dieser Moosstab besteht aus einer Kombination von Sphagnum-Moos und Kokosfaserbrocken. Beide Materialien bieten eine hervorragende Haftung und Wachstumsumgebung. Au\u00dferdem ist er vollst\u00e4ndig von einem robusten Stahlnetz umh\u00fcllt, das f\u00fcr Haltbarkeit und Stabilit\u00e4t sorgt. Ein weiterer gro\u00dfer Vorteil dieses Moospfahls ist, dass er stapelbar ist. Sie k\u00f6nnen mehrere Pf\u00e4hle \u00fcbereinander stellen, um eine gr\u00f6\u00dfere H\u00f6he zu erreichen. So k\u00f6nnen Sie Ihre Pflanzen beim Wachsen ganz einfach unterst\u00fctzen. Anstatt also jedes Mal einen neuen Moospfahl zu kaufen, k\u00f6nnen Sie ihn einfach stapeln!<\/p>\n<h3><strong>Moosstab Zubeh\u00f6r<\/strong><\/h3>\n<p class=\"translation-block\">Was diesen Moosstab noch vielseitiger macht, ist die M\u00f6glichkeit, ihn mit verschiedenen Zubeh\u00f6rteilen zu kombinieren. F\u00fcge zum Beispiel einen <a href=\"https:\/\/getplantstuff.com\/de\/produkt\/tropfer\/\" target=\"_self\">Tropfer<\/a> f\u00fcr eine einfache Bew\u00e4sserung hinzu oder verwende eine <a href=\"https:\/\/getplantstuff.com\/de\/produkt\/moosstab-topfklemme\/\" target=\"_self\">stabile Topfklemme<\/a> oder eine <a href=\"https:\/\/getplantstuff.com\/de\/produkt\/moosstab-bodenstutze\/\" target=\"_self\">robuste Bodenst\u00fctze<\/a> f\u00fcr zus\u00e4tzliche Stabilit\u00e4t. So kannst du den perfekten Moosstab f\u00fcr deine Zimmerpflanze zusammenstellen.<\/p>\n<h3><strong>Pflanzenst\u00fctze<\/strong><\/h3>\n<p>Ein Moosstab ist weit mehr als nur eine einfache Pflanzenst\u00fctze \u2013 er ist eine Verl\u00e4ngerung deines Blumentopfs und ein entscheidender Faktor f\u00fcr das gesunde Wachstum deiner Kletterpflanzen. Durch die zus\u00e4tzliche Stabilit\u00e4t und Feuchtigkeit, die ein Moosstab bietet, k\u00f6nnen sich Luftwurzeln besser entwickeln und deine Pflanzen kr\u00e4ftiger wachsen. Mit herk\u00f6mmlichen Pflanzenst\u00fctzen ist es kaum m\u00f6glich, das volle Potenzial deiner Kletterpflanze zu entfalten \u2013 ein echter Moosstab macht den Unterschied!<\/p>\n<p>&nbsp;<\/p>","protected":false},"excerpt":{"rendered":"<p>Ein 25 cm langer Moosstab plus 5 kostenlose Moosstab-Clips, damit deine Pflanze direkt gut befestigt ist.<\/p>","protected":false},"featured_media":3723,"comment_status":"open","ping_status":"closed","template":"","meta":{"_uf_show_specific_survey":0,"_uf_disable_surveys":false},"product_brand":[59],"product_cat":[17,56],"product_tag":[25,20,57,58,22],"class_list":{"0":"post-224","1":"product","2":"type-product","3":"status-publish","4":"has-post-thumbnail","6":"product_brand-plantstuff","7":"product_cat-mospaal","8":"product_cat-plantensteun-mospaal-mosstok","9":"product_tag-klimplant","10":"product_tag-mospaal","11":"product_tag-mosstok","12":"product_tag-plantensteun","13":"product_tag-sphagnum","14":"product_shipping_class-pakket","16":"first","17":"instock","18":"featured","19":"taxable","20":"shipping-taxable","21":"purchasable","22":"product-type-simple"},"aioseo_notices":[],"aioseo_head":"\n\t\t<!-- All in One SEO Pro 4.8.3.2 - aioseo.com -->\n\t<meta name=\"description\" content=\"Stapelbare mospaal van 25 cm. Mosstok als plantensteun voor o.a. Monstera en Philodendron die de opname van voedingsstoffen bevordert!\" \/>\n\t<meta name=\"robots\" content=\"max-image-preview:large\" \/>\n\t<meta name=\"keywords\" content=\"mosstok,mosstok kopen,mospaal kopen,monstera,pothos,philodendron,plantenvoeding,plantenstok,plantensteun,sphagnum mos,echt mos,kokos,stapelbare mosstok,stapelbare mospaal,stapelbaar\" \/>\n\t<link rel=\"canonical\" href=\"https:\/\/getplantstuff.com\/de\/product\/moosstab25cm-stapelbar\/\" \/>\n\t<meta name=\"generator\" content=\"All in One SEO Pro (AIOSEO) 4.8.3.2\" \/>\n\t\t<meta property=\"og:locale\" content=\"de_DE\" \/>\n\t\t<meta property=\"og:site_name\" content=\"PlantStuff - De beste vriend van je klimplant\" \/>\n\t\t<meta property=\"og:type\" content=\"article\" \/>\n\t\t<meta property=\"og:title\" content=\"Stapelbare Mospaal (25 cm \/ \u23007 cm) voor klimplanten - PlantStuff\" \/>\n\t\t<meta property=\"og:description\" content=\"Stapelbare mospaal van 25 cm. Mosstok als plantensteun voor o.a. Monstera en Philodendron die de opname van voedingsstoffen bevordert!\" \/>\n\t\t<meta property=\"og:url\" content=\"https:\/\/getplantstuff.com\/de\/product\/moosstab25cm-stapelbar\/\" \/>\n\t\t<meta property=\"og:image\" content=\"https:\/\/getplantstuff.com\/wp-content\/uploads\/2022\/11\/PlantStuff-icon-x2-1.png\" \/>\n\t\t<meta property=\"og:image:secure_url\" content=\"https:\/\/getplantstuff.com\/wp-content\/uploads\/2022\/11\/PlantStuff-icon-x2-1.png\" \/>\n\t\t<meta property=\"article:published_time\" content=\"2022-12-06T19:38:43+00:00\" \/>\n\t\t<meta property=\"article:modified_time\" content=\"2026-04-26T18:12:51+00:00\" \/>\n\t\t<meta name=\"twitter:card\" content=\"summary_large_image\" \/>\n\t\t<meta name=\"twitter:title\" content=\"Stapelbare Mospaal (25 cm \/ \u23007 cm) voor klimplanten - PlantStuff\" \/>\n\t\t<meta name=\"twitter:description\" content=\"Stapelbare mospaal van 25 cm. Mosstok als plantensteun voor o.a. Monstera en Philodendron die de opname van voedingsstoffen bevordert!\" \/>\n\t\t<meta name=\"twitter:image\" content=\"https:\/\/getplantstuff.com\/wp-content\/uploads\/2022\/11\/PlantStuff-icon-x2-1.png\" \/>\n\t\t<script type=\"application\/ld+json\" class=\"aioseo-schema\">\n\t\t\t{\"@context\":\"https:\\\/\\\/schema.org\",\"@graph\":[{\"@type\":\"BreadcrumbList\",\"@id\":\"https:\\\/\\\/getplantstuff.com\\\/de\\\/product\\\/moosstab25cm-stapelbar\\\/#breadcrumblist\",\"itemListElement\":[{\"@type\":\"ListItem\",\"@id\":\"https:\\\/\\\/getplantstuff.com\\\/de#listItem\",\"position\":1,\"name\":\"Home\",\"item\":\"https:\\\/\\\/getplantstuff.com\\\/de\",\"nextItem\":{\"@type\":\"ListItem\",\"@id\":\"https:\\\/\\\/getplantstuff.com\\\/de\\\/laden\\\/#listItem\",\"name\":\"Mospalen en planten accessoires\"}},{\"@type\":\"ListItem\",\"@id\":\"https:\\\/\\\/getplantstuff.com\\\/de\\\/laden\\\/#listItem\",\"position\":2,\"name\":\"Mospalen en planten accessoires\",\"item\":\"https:\\\/\\\/getplantstuff.com\\\/de\\\/laden\\\/\",\"nextItem\":{\"@type\":\"ListItem\",\"@id\":\"https:\\\/\\\/getplantstuff.com\\\/de\\\/brand\\\/plantstuff\\\/#listItem\",\"name\":\"PlantStuff\"},\"previousItem\":{\"@type\":\"ListItem\",\"@id\":\"https:\\\/\\\/getplantstuff.com\\\/de#listItem\",\"name\":\"Home\"}},{\"@type\":\"ListItem\",\"@id\":\"https:\\\/\\\/getplantstuff.com\\\/de\\\/brand\\\/plantstuff\\\/#listItem\",\"position\":3,\"name\":\"PlantStuff\",\"item\":\"https:\\\/\\\/getplantstuff.com\\\/de\\\/brand\\\/plantstuff\\\/\",\"nextItem\":{\"@type\":\"ListItem\",\"@id\":\"https:\\\/\\\/getplantstuff.com\\\/de\\\/product\\\/moosstab25cm-stapelbar\\\/#listItem\",\"name\":\"Stapelbare Mospaal (25 cm \\\/ \\u23007 cm)\"},\"previousItem\":{\"@type\":\"ListItem\",\"@id\":\"https:\\\/\\\/getplantstuff.com\\\/de\\\/laden\\\/#listItem\",\"name\":\"Mospalen en planten accessoires\"}},{\"@type\":\"ListItem\",\"@id\":\"https:\\\/\\\/getplantstuff.com\\\/de\\\/product\\\/moosstab25cm-stapelbar\\\/#listItem\",\"position\":4,\"name\":\"Stapelbare Mospaal (25 cm \\\/ \\u23007 cm)\",\"previousItem\":{\"@type\":\"ListItem\",\"@id\":\"https:\\\/\\\/getplantstuff.com\\\/de\\\/brand\\\/plantstuff\\\/#listItem\",\"name\":\"PlantStuff\"}}]},{\"@type\":\"ItemPage\",\"@id\":\"https:\\\/\\\/getplantstuff.com\\\/de\\\/product\\\/moosstab25cm-stapelbar\\\/#itempage\",\"url\":\"https:\\\/\\\/getplantstuff.com\\\/de\\\/product\\\/moosstab25cm-stapelbar\\\/\",\"name\":\"Stapelbare Mospaal (25 cm \\\/ \\u23007 cm) voor klimplanten - PlantStuff\",\"description\":\"Stapelbare mospaal van 25 cm. Mosstok als plantensteun voor o.a. Monstera en Philodendron die de opname van voedingsstoffen bevordert!\",\"inLanguage\":\"de-DE\",\"isPartOf\":{\"@id\":\"https:\\\/\\\/getplantstuff.com\\\/de\\\/#website\"},\"breadcrumb\":{\"@id\":\"https:\\\/\\\/getplantstuff.com\\\/de\\\/product\\\/moosstab25cm-stapelbar\\\/#breadcrumblist\"},\"image\":{\"@type\":\"ImageObject\",\"url\":\"https:\\\/\\\/getplantstuff.com\\\/wp-content\\\/uploads\\\/2023\\\/03\\\/mospaal-25cm.jpg\",\"@id\":\"https:\\\/\\\/getplantstuff.com\\\/de\\\/product\\\/moosstab25cm-stapelbar\\\/#mainImage\",\"width\":1600,\"height\":2000},\"primaryImageOfPage\":{\"@id\":\"https:\\\/\\\/getplantstuff.com\\\/de\\\/product\\\/moosstab25cm-stapelbar\\\/#mainImage\"},\"datePublished\":\"2022-12-06T20:38:43+01:00\",\"dateModified\":\"2026-04-26T20:12:51+02:00\"},{\"@type\":\"Organization\",\"@id\":\"https:\\\/\\\/getplantstuff.com\\\/de\\\/#organization\",\"name\":\"PlantStuff\",\"description\":\"De beste vriend van je klimplant\",\"url\":\"https:\\\/\\\/getplantstuff.com\\\/de\\\/\",\"email\":\"support@getplantstuff.com\",\"logo\":{\"@type\":\"ImageObject\",\"url\":\"https:\\\/\\\/getplantstuff.com\\\/wp-content\\\/uploads\\\/2023\\\/04\\\/Fan.ico\",\"@id\":\"https:\\\/\\\/getplantstuff.com\\\/de\\\/product\\\/moosstab25cm-stapelbar\\\/#organizationLogo\",\"width\":48,\"height\":48,\"caption\":\" for google\"},\"image\":{\"@id\":\"https:\\\/\\\/getplantstuff.com\\\/de\\\/product\\\/moosstab25cm-stapelbar\\\/#organizationLogo\"},\"address\":{\"@id\":\"https:\\\/\\\/getplantstuff.com\\\/de\\\/#postaladdress\",\"@type\":\"PostalAddress\",\"streetAddress\":\"Rijperkerkpark 3,\",\"postalCode\":\"5035MH\",\"addressLocality\":\"Tilburg\",\"addressRegion\":\"Noord-Brabant\",\"addressCountry\":\"NL\"},\"vatID\":\"NL004465463B43\"},{\"@type\":\"WebPage\",\"@id\":\"https:\\\/\\\/getplantstuff.com\\\/de\\\/product\\\/moosstab25cm-stapelbar\\\/#webpage\",\"url\":\"https:\\\/\\\/getplantstuff.com\\\/de\\\/product\\\/moosstab25cm-stapelbar\\\/\",\"name\":\"Stapelbare Mospaal (25 cm \\\/ \\u23007 cm) voor klimplanten - PlantStuff\",\"description\":\"Stapelbare mospaal van 25 cm. Mosstok als plantensteun voor o.a. Monstera en Philodendron die de opname van voedingsstoffen bevordert!\",\"inLanguage\":\"de-DE\",\"isPartOf\":{\"@id\":\"https:\\\/\\\/getplantstuff.com\\\/de\\\/#website\"},\"breadcrumb\":{\"@id\":\"https:\\\/\\\/getplantstuff.com\\\/de\\\/product\\\/moosstab25cm-stapelbar\\\/#breadcrumblist\"},\"image\":{\"@type\":\"ImageObject\",\"url\":\"https:\\\/\\\/getplantstuff.com\\\/wp-content\\\/uploads\\\/2023\\\/03\\\/mospaal-25cm.jpg\",\"@id\":\"https:\\\/\\\/getplantstuff.com\\\/de\\\/product\\\/moosstab25cm-stapelbar\\\/#mainImage\",\"width\":1600,\"height\":2000},\"primaryImageOfPage\":{\"@id\":\"https:\\\/\\\/getplantstuff.com\\\/de\\\/product\\\/moosstab25cm-stapelbar\\\/#mainImage\"},\"datePublished\":\"2022-12-06T20:38:43+01:00\",\"dateModified\":\"2026-04-26T20:12:51+02:00\"},{\"@type\":\"WebSite\",\"@id\":\"https:\\\/\\\/getplantstuff.com\\\/de\\\/#website\",\"url\":\"https:\\\/\\\/getplantstuff.com\\\/de\\\/\",\"name\":\"PlantStuff\",\"alternateName\":\"Getplantstuff\",\"description\":\"De beste vriend van je klimplant\",\"inLanguage\":\"de-DE\",\"publisher\":{\"@id\":\"https:\\\/\\\/getplantstuff.com\\\/de\\\/#organization\"}}]}\n\t\t<\/script>\n\t\t<!-- All in One SEO Pro -->\r\n\t\t<title>Stapelbare Mospaal (25 cm \/ \u23007 cm) voor klimplanten - PlantStuff<\/title>\n\n","aioseo_head_json":{"title":"Stapelbarer Moosstab (25 cm \/ \u23007 cm) f\u00fcr Kletterpflanzen - PlantStuff","description":"Stapelbarer 25 cm Moosstab. Pflanzenst\u00fctze f\u00fcr Monstera, Philodendron und andere Kletterpflanzen, die die N\u00e4hrstoffaufnahme f\u00f6rdert.","canonical_url":"https:\/\/getplantstuff.com\/de\/product\/moosstab25cm-stapelbar\/","robots":"max-image-preview:large","keywords":"mosstok,mosstok kopen,mospaal kopen,monstera,pothos,philodendron,plantenvoeding,plantenstok,plantensteun,sphagnum mos,echt mos,kokos,stapelbare mosstok,stapelbare mospaal,stapelbaar","webmasterTools":{"miscellaneous":""},"schema":{"@context":"https:\/\/schema.org","@graph":[{"@type":"BreadcrumbList","@id":"https:\/\/getplantstuff.com\/de\/product\/moosstab25cm-stapelbar\/#breadcrumblist","itemListElement":[{"@type":"ListItem","@id":"https:\/\/getplantstuff.com\/de#listItem","position":1,"name":"Home","item":"https:\/\/getplantstuff.com\/de","nextItem":{"@type":"ListItem","@id":"https:\/\/getplantstuff.com\/de\/laden\/#listItem","name":"Mospalen en planten accessoires"}},{"@type":"ListItem","@id":"https:\/\/getplantstuff.com\/de\/laden\/#listItem","position":2,"name":"Mospalen en planten accessoires","item":"https:\/\/getplantstuff.com\/de\/laden\/","nextItem":{"@type":"ListItem","@id":"https:\/\/getplantstuff.com\/de\/brand\/plantstuff\/#listItem","name":"PlantStuff"},"previousItem":{"@type":"ListItem","@id":"https:\/\/getplantstuff.com\/de#listItem","name":"Home"}},{"@type":"ListItem","@id":"https:\/\/getplantstuff.com\/de\/brand\/plantstuff\/#listItem","position":3,"name":"PlantStuff","item":"https:\/\/getplantstuff.com\/de\/brand\/plantstuff\/","nextItem":{"@type":"ListItem","@id":"https:\/\/getplantstuff.com\/de\/product\/moosstab25cm-stapelbar\/#listItem","name":"Stapelbare Mospaal (25 cm \/ \u23007 cm)"},"previousItem":{"@type":"ListItem","@id":"https:\/\/getplantstuff.com\/de\/laden\/#listItem","name":"Mospalen en planten accessoires"}},{"@type":"ListItem","@id":"https:\/\/getplantstuff.com\/de\/product\/moosstab25cm-stapelbar\/#listItem","position":4,"name":"Stapelbare Mospaal (25 cm \/ \u23007 cm)","previousItem":{"@type":"ListItem","@id":"https:\/\/getplantstuff.com\/de\/brand\/plantstuff\/#listItem","name":"PlantStuff"}}]},{"@type":"ItemPage","@id":"https:\/\/getplantstuff.com\/de\/product\/moosstab25cm-stapelbar\/#itempage","url":"https:\/\/getplantstuff.com\/de\/product\/moosstab25cm-stapelbar\/","name":"Stapelbare Mospaal (25 cm \/ \u23007 cm) voor klimplanten - PlantStuff","description":"Stapelbare mospaal van 25 cm. Mosstok als plantensteun voor o.a. Monstera en Philodendron die de opname van voedingsstoffen bevordert!","inLanguage":"de-DE","isPartOf":{"@id":"https:\/\/getplantstuff.com\/de\/#website"},"breadcrumb":{"@id":"https:\/\/getplantstuff.com\/de\/product\/moosstab25cm-stapelbar\/#breadcrumblist"},"image":{"@type":"ImageObject","url":"https:\/\/getplantstuff.com\/wp-content\/uploads\/2023\/03\/mospaal-25cm.jpg","@id":"https:\/\/getplantstuff.com\/de\/product\/moosstab25cm-stapelbar\/#mainImage","width":1600,"height":2000},"primaryImageOfPage":{"@id":"https:\/\/getplantstuff.com\/de\/product\/moosstab25cm-stapelbar\/#mainImage"},"datePublished":"2022-12-06T20:38:43+01:00","dateModified":"2026-04-26T20:12:51+02:00"},{"@type":"Organization","@id":"https:\/\/getplantstuff.com\/de\/#organization","name":"PlantStuff","description":"De beste vriend van je klimplant","url":"https:\/\/getplantstuff.com\/de\/","email":"support@getplantstuff.com","logo":{"@type":"ImageObject","url":"https:\/\/getplantstuff.com\/wp-content\/uploads\/2023\/04\/Fan.ico","@id":"https:\/\/getplantstuff.com\/de\/product\/moosstab25cm-stapelbar\/#organizationLogo","width":48,"height":48,"caption":" for google"},"image":{"@id":"https:\/\/getplantstuff.com\/de\/product\/moosstab25cm-stapelbar\/#organizationLogo"},"address":{"@id":"https:\/\/getplantstuff.com\/de\/#postaladdress","@type":"PostalAddress","streetAddress":"Rijperkerkpark 3,","postalCode":"5035MH","addressLocality":"Tilburg","addressRegion":"Noord-Brabant","addressCountry":"NL"},"vatID":"NL004465463B43"},{"@type":"WebPage","@id":"https:\/\/getplantstuff.com\/de\/product\/moosstab25cm-stapelbar\/#webpage","url":"https:\/\/getplantstuff.com\/de\/product\/moosstab25cm-stapelbar\/","name":"Stapelbare Mospaal (25 cm \/ \u23007 cm) voor klimplanten - PlantStuff","description":"Stapelbare mospaal van 25 cm. Mosstok als plantensteun voor o.a. Monstera en Philodendron die de opname van voedingsstoffen bevordert!","inLanguage":"de-DE","isPartOf":{"@id":"https:\/\/getplantstuff.com\/de\/#website"},"breadcrumb":{"@id":"https:\/\/getplantstuff.com\/de\/product\/moosstab25cm-stapelbar\/#breadcrumblist"},"image":{"@type":"ImageObject","url":"https:\/\/getplantstuff.com\/wp-content\/uploads\/2023\/03\/mospaal-25cm.jpg","@id":"https:\/\/getplantstuff.com\/de\/product\/moosstab25cm-stapelbar\/#mainImage","width":1600,"height":2000},"primaryImageOfPage":{"@id":"https:\/\/getplantstuff.com\/de\/product\/moosstab25cm-stapelbar\/#mainImage"},"datePublished":"2022-12-06T20:38:43+01:00","dateModified":"2026-04-26T20:12:51+02:00"},{"@type":"WebSite","@id":"https:\/\/getplantstuff.com\/de\/#website","url":"https:\/\/getplantstuff.com\/de\/","name":"PlantStuff","alternateName":"Getplantstuff","description":"De beste vriend van je klimplant","inLanguage":"de-DE","publisher":{"@id":"https:\/\/getplantstuff.com\/de\/#organization"}}]},"og:locale":"de_DE","og:site_name":"PlantStuff - De beste vriend van je klimplant","og:type":"article","og:title":"Stapelbare Mospaal (25 cm \/ \u23007 cm) voor klimplanten - PlantStuff","og:description":"Stapelbare mospaal van 25 cm. Mosstok als plantensteun voor o.a. Monstera en Philodendron die de opname van voedingsstoffen bevordert!","og:url":"https:\/\/getplantstuff.com\/de\/product\/moosstab25cm-stapelbar\/","og:image":"https:\/\/getplantstuff.com\/wp-content\/uploads\/2022\/11\/PlantStuff-icon-x2-1.png","og:image:secure_url":"https:\/\/getplantstuff.com\/wp-content\/uploads\/2022\/11\/PlantStuff-icon-x2-1.png","article:published_time":"2022-12-06T19:38:43+00:00","article:modified_time":"2026-04-26T18:12:51+00:00","twitter:card":"summary_large_image","twitter:title":"Stapelbare Mospaal (25 cm \/ \u23007 cm) voor klimplanten - PlantStuff","twitter:description":"Stapelbare mospaal van 25 cm. Mosstok als plantensteun voor o.a. Monstera en Philodendron die de opname van voedingsstoffen bevordert!","twitter:image":"https:\/\/getplantstuff.com\/wp-content\/uploads\/2022\/11\/PlantStuff-icon-x2-1.png"},"aioseo_meta_data":{"post_id":"224","title":"#post_title voor klimplanten #separator_sa #site_title","description":"Stapelbarer 25 cm Moosstab. Pflanzenst\u00fctze f\u00fcr Monstera, Philodendron und andere Kletterpflanzen, die die N\u00e4hrstoffaufnahme f\u00f6rdert.","keywords":[{"label":"mosstok","value":"mosstok"},{"label":"mosstok kopen","value":"mosstok kopen"},{"label":"mospaal kopen","value":"mospaal kopen"},{"label":"monstera","value":"monstera"},{"label":"pothos","value":"pothos"},{"label":"philodendron","value":"philodendron"},{"label":"plantenvoeding","value":"plantenvoeding"},{"label":"plantenstok","value":"plantenstok"},{"label":"plantensteun","value":"plantensteun"},{"label":"sphagnum mos","value":"sphagnum mos"},{"label":"echt mos","value":"echt mos"},{"label":"kokos","value":"kokos"},{"label":"stapelbare mosstok","value":"stapelbare mosstok"},{"label":"stapelbare mospaal","value":"stapelbare mospaal"},{"label":"stapelbaar","value":"stapelbaar"}],"keyphrases":{"focus":{"keyphrase":"Mospaal","score":85,"analysis":{"keyphraseInTitle":{"score":9,"maxScore":9,"error":0},"keyphraseInDescription":{"score":9,"maxScore":9,"error":0},"keyphraseLength":{"score":9,"maxScore":9,"error":0,"length":1},"keyphraseInURL":{"score":5,"maxScore":5,"error":0},"keyphraseInIntroduction":{"score":9,"maxScore":9,"error":0},"keyphraseInSubHeadings":{"score":9,"maxScore":9,"error":0},"keyphraseInImageAlt":[],"keywordDensity":{"type":"high","score":0,"maxScore":9,"error":1}}},"additional":[{"keyphrase":"Mosstok","score":100,"analysis":{"keyphraseInDescription":{"score":9,"maxScore":9,"error":0},"keyphraseLength":{"score":9,"maxScore":9,"error":0,"length":1},"keyphraseInIntroduction":{"score":9,"maxScore":9,"error":0},"keyphraseInImageAlt":[],"keywordDensity":{"type":"best","score":9,"maxScore":9,"error":0}}},{"keyphrase":"Monstera","score":100,"analysis":{"keyphraseInDescription":{"score":9,"maxScore":9,"error":0},"keyphraseLength":{"score":9,"maxScore":9,"error":0,"length":1},"keyphraseInIntroduction":{"score":9,"maxScore":9,"error":0},"keyphraseInImageAlt":[],"keywordDensity":{"type":"best","score":9,"maxScore":9,"error":0}}},{"keyphrase":"Philodendron","score":100,"analysis":{"keyphraseInDescription":{"score":9,"maxScore":9,"error":0},"keyphraseLength":{"score":9,"maxScore":9,"error":0,"length":1},"keyphraseInIntroduction":{"score":9,"maxScore":9,"error":0},"keyphraseInImageAlt":[],"keywordDensity":{"type":"best","score":9,"maxScore":9,"error":0}}},{"keyphrase":"Plantensteun","score":100,"analysis":{"keyphraseInDescription":{"score":9,"maxScore":9,"error":0},"keyphraseLength":{"score":9,"maxScore":9,"error":0,"length":1},"keyphraseInIntroduction":{"score":9,"maxScore":9,"error":0},"keyphraseInImageAlt":[],"keywordDensity":{"type":"best","score":9,"maxScore":9,"error":0}}}]},"primary_term":{"product_cat":17},"canonical_url":null,"og_title":null,"og_description":null,"og_object_type":"default","og_image_type":"default","og_image_url":null,"og_image_width":null,"og_image_height":null,"og_image_custom_url":null,"og_image_custom_fields":null,"og_video":"","og_custom_url":null,"og_article_section":null,"og_article_tags":null,"twitter_use_og":false,"twitter_card":"default","twitter_image_type":"default","twitter_image_url":null,"twitter_image_custom_url":null,"twitter_image_custom_fields":null,"twitter_title":null,"twitter_description":null,"schema":{"blockGraphs":[],"customGraphs":[],"default":{"data":{"Article":[],"Course":[],"Dataset":[],"FAQPage":[],"Movie":[],"Person":[],"Product":[],"ProductReview":[],"Car":[],"Recipe":[],"Service":[],"SoftwareApplication":[],"WebPage":[]},"graphName":"ItemPage","isEnabled":true},"graphs":[]},"schema_type":"default","schema_type_options":null,"pillar_content":false,"robots_default":true,"robots_noindex":false,"robots_noarchive":false,"robots_nosnippet":false,"robots_nofollow":false,"robots_noimageindex":false,"robots_noodp":false,"robots_notranslate":false,"robots_max_snippet":"-1","robots_max_videopreview":"-1","robots_max_imagepreview":"large","priority":null,"frequency":"default","local_seo":null,"limit_modified_date":false,"created":"2022-12-06 19:38:43","updated":"2026-05-01 08:28:43"},"aioseo_breadcrumb":"<div class=\"aioseo-breadcrumbs\"><span class=\"aioseo-breadcrumb\">\n\t<a href=\"https:\/\/getplantstuff.com\/de\" title=\"Home\">Home<\/a>\n<\/span><span class=\"aioseo-breadcrumb-separator\">\u203a<\/span><span class=\"aioseo-breadcrumb\">\n\t<a href=\"https:\/\/getplantstuff.com\/de\/laden\/\" title=\"Mospalen en planten accessoires\">Mospalen en planten accessoires<\/a>\n<\/span><span class=\"aioseo-breadcrumb-separator\">\u203a<\/span><span class=\"aioseo-breadcrumb\">\n\t<a href=\"https:\/\/getplantstuff.com\/de\/brand\/plantstuff\/\" title=\"PlantStuff\">PlantStuff<\/a>\n<\/span><span class=\"aioseo-breadcrumb-separator\">\u203a<\/span><span class=\"aioseo-breadcrumb\">\n\tStapelbare Mospaal (25 cm \/ \u23007 cm)\n<\/span><\/div>","aioseo_breadcrumb_json":[{"label":"Home","link":"https:\/\/getplantstuff.com\/de"},{"label":"Mospalen en planten accessoires","link":"https:\/\/getplantstuff.com\/de\/laden\/"},{"label":"PlantStuff","link":"https:\/\/getplantstuff.com\/de\/brand\/plantstuff\/"},{"label":"Stapelbare Mospaal (25 cm \/ \u23007 cm)","link":"https:\/\/getplantstuff.com\/de\/product\/moosstab25cm-stapelbar\/"}],"_links":{"self":[{"href":"https:\/\/getplantstuff.com\/de\/wp-json\/wp\/v2\/product\/224","targetHints":{"allow":["GET"]}}],"collection":[{"href":"https:\/\/getplantstuff.com\/de\/wp-json\/wp\/v2\/product"}],"about":[{"href":"https:\/\/getplantstuff.com\/de\/wp-json\/wp\/v2\/types\/product"}],"replies":[{"embeddable":true,"href":"https:\/\/getplantstuff.com\/de\/wp-json\/wp\/v2\/comments?post=224"}],"version-history":[{"count":5,"href":"https:\/\/getplantstuff.com\/de\/wp-json\/wp\/v2\/product\/224\/revisions"}],"predecessor-version":[{"id":3737,"href":"https:\/\/getplantstuff.com\/de\/wp-json\/wp\/v2\/product\/224\/revisions\/3737"}],"wp:featuredmedia":[{"embeddable":true,"href":"https:\/\/getplantstuff.com\/de\/wp-json\/wp\/v2\/media\/3723"}],"wp:attachment":[{"href":"https:\/\/getplantstuff.com\/de\/wp-json\/wp\/v2\/media?parent=224"}],"wp:term":[{"taxonomy":"product_brand","embeddable":true,"href":"https:\/\/getplantstuff.com\/de\/wp-json\/wp\/v2\/product_brand?post=224"},{"taxonomy":"product_cat","embeddable":true,"href":"https:\/\/getplantstuff.com\/de\/wp-json\/wp\/v2\/product_cat?post=224"},{"taxonomy":"product_tag","embeddable":true,"href":"https:\/\/getplantstuff.com\/de\/wp-json\/wp\/v2\/product_tag?post=224"}],"curies":[{"name":"wp","href":"https:\/\/api.w.org\/{rel}","templated":true}]}}